{"id":289,"date":"2022-02-26T08:43:04","date_gmt":"2022-02-26T08:43:04","guid":{"rendered":"https:\/\/mariomuscariello.com\/?page_id=289"},"modified":"2024-02-04T10:17:13","modified_gmt":"2024-02-04T10:17:13","slug":"customercare-productiontimes","status":"publish","type":"page","link":"https:\/\/mariomuscariello.com\/it\/customercare-productiontimes\/","title":{"rendered":"CUSTOMER CARE \/ PRODUCTION TIME"},"content":{"rendered":"<div data-elementor-type=\"wp-page\" data-elementor-id=\"289\" class=\"elementor elementor-289\" data-elementor-post-type=\"page\">\n\t\t\t\t\t\t<section class=\"elementor-section elementor-top-section elementor-element elementor-element-dfcb409 elementor-section-full_width elementor-section-height-default elementor-section-height-default\" data-id=\"dfcb409\" data-element_type=\"section\" data-e-type=\"section\">\n\t\t\t\t\t\t<div class=\"elementor-container elementor-column-gap-default\">\n\t\t\t\t\t<div class=\"elementor-column elementor-col-100 elementor-top-column elementor-element elementor-element-c58ae46\" data-id=\"c58ae46\" data-element_type=\"column\" data-e-type=\"column\">\n\t\t\t<div class=\"elementor-widget-wrap elementor-element-populated\">\n\t\t\t\t\t\t<div class=\"elementor-element elementor-element-dc2cd28 elementor--h-position-center elementor--v-position-middle elementor-arrows-position-inside elementor-pagination-position-inside elementor-widget elementor-widget-slides\" data-id=\"dc2cd28\" data-element_type=\"widget\" data-e-type=\"widget\" data-settings=\"{&quot;navigation&quot;:&quot;both&quot;,&quot;autoplay&quot;:&quot;yes&quot;,&quot;pause_on_hover&quot;:&quot;yes&quot;,&quot;pause_on_interaction&quot;:&quot;yes&quot;,&quot;autoplay_speed&quot;:5000,&quot;infinite&quot;:&quot;yes&quot;,&quot;transition&quot;:&quot;slide&quot;,&quot;transition_speed&quot;:500}\" data-widget_type=\"slides.default\">\n\t\t\t\t<div class=\"elementor-widget-container\">\n\t\t\t\t\t\t\t\t\t<div class=\"elementor-swiper\">\n\t\t\t\t\t<div class=\"elementor-slides-wrapper elementor-main-swiper swiper\" role=\"region\" aria-roledescription=\"carousel\" aria-label=\"Slides\" dir=\"ltr\" data-animation=\"fadeInUp\">\n\t\t\t\t<div class=\"swiper-wrapper elementor-slides\">\n\t\t\t\t\t\t\t\t\t\t<div class=\"elementor-repeater-item-f43a99f swiper-slide\" role=\"group\" aria-roledescription=\"slide\"><div class=\"swiper-slide-bg\" role=\"img\" aria-label=\"tempidiproduzione\"><\/div><div class=\"swiper-slide-inner\" ><div class=\"swiper-slide-contents\"><div class=\"elementor-slide-heading\">TEMPI DI PRODUZIONE<\/div><\/div><\/div><\/div>\t\t\t\t<\/div>\n\t\t\t\t\t\t\t<\/div>\n\t\t\t\t<\/div>\n\t\t\t\t\t\t\t\t<\/div>\n\t\t\t\t<\/div>\n\t\t\t\t\t<\/div>\n\t\t<\/div>\n\t\t\t\t\t<\/div>\n\t\t<\/section>\n\t\t\t\t<section class=\"elementor-section elementor-top-section elementor-element elementor-element-20ad6f5 elementor-section-boxed elementor-section-height-default elementor-section-height-default\" data-id=\"20ad6f5\" data-element_type=\"section\" data-e-type=\"section\">\n\t\t\t\t\t\t<div class=\"elementor-container elementor-column-gap-default\">\n\t\t\t\t\t<div class=\"elementor-column elementor-col-16 elementor-top-column elementor-element elementor-element-e877ef5\" data-id=\"e877ef5\" data-element_type=\"column\" data-e-type=\"column\">\n\t\t\t<div class=\"elementor-widget-wrap\">\n\t\t\t\t\t\t\t<\/div>\n\t\t<\/div>\n\t\t\t\t<div class=\"elementor-column elementor-col-66 elementor-top-column elementor-element elementor-element-8506f30\" data-id=\"8506f30\" data-element_type=\"column\" data-e-type=\"column\">\n\t\t\t<div class=\"elementor-widget-wrap elementor-element-populated\">\n\t\t\t\t\t\t<div class=\"elementor-element elementor-element-90e2550 elementor-widget elementor-widget-text-editor\" data-id=\"90e2550\" data-element_type=\"widget\" data-e-type=\"widget\" data-widget_type=\"text-editor.default\">\n\t\t\t\t<div class=\"elementor-widget-container\">\n\t\t\t\t\t\t\t\t\t<blockquote><p>Nel realizzare ogni capo esclusivo, sappiamo che le cose fatte con cura richiedono tempo, passione e pazienza. Tuttavia, ci impegniamo per fare in modo che tu possa ricevere il tuo capo nel pi\u00f9 breve tempo possibile. Ogni dettaglio \u00e8 seguito con attenzione e ogni fase del processo produttivo \u00e8 svolta con la massima dedizione. Siamo qui per garantire che il risultato finale sia all\u2019altezza delle tue aspettative e che tu possa vivere un\u2019esperienza d\u2019acquisto pienamente soddisfacente. Di seguito riportiamo una stima dei tempi:<\/p><\/blockquote>\t\t\t\t\t\t\t\t<\/div>\n\t\t\t\t<\/div>\n\t\t\t\t\t<\/div>\n\t\t<\/div>\n\t\t\t\t<div class=\"elementor-column elementor-col-16 elementor-top-column elementor-element elementor-element-faebba9\" data-id=\"faebba9\" data-element_type=\"column\" data-e-type=\"column\">\n\t\t\t<div class=\"elementor-widget-wrap\">\n\t\t\t\t\t\t\t<\/div>\n\t\t<\/div>\n\t\t\t\t\t<\/div>\n\t\t<\/section>\n\t\t\t\t<section class=\"elementor-section elementor-top-section elementor-element elementor-element-e215d79 elementor-section-boxed elementor-section-height-default elementor-section-height-default\" data-id=\"e215d79\" data-element_type=\"section\" data-e-type=\"section\">\n\t\t\t\t\t\t<div class=\"elementor-container elementor-column-gap-default\">\n\t\t\t\t\t<div class=\"elementor-column elementor-col-25 elementor-top-column elementor-element elementor-element-a118561\" data-id=\"a118561\" data-element_type=\"column\" data-e-type=\"column\">\n\t\t\t<div class=\"elementor-widget-wrap elementor-element-populated\">\n\t\t\t\t\t\t<div class=\"elementor-element elementor-element-f510767 elementor-widget elementor-widget-text-editor\" data-id=\"f510767\" data-element_type=\"widget\" data-e-type=\"widget\" data-widget_type=\"text-editor.default\">\n\t\t\t\t<div class=\"elementor-widget-container\">\n\t\t\t\t\t\t\t\t\t<p><strong>CAMICIA<\/strong><\/p>\t\t\t\t\t\t\t\t<\/div>\n\t\t\t\t<\/div>\n\t\t\t\t<div class=\"elementor-element elementor-element-c95de33 elementor-widget elementor-widget-text-editor\" data-id=\"c95de33\" data-element_type=\"widget\" data-e-type=\"widget\" data-widget_type=\"text-editor.default\">\n\t\t\t\t<div class=\"elementor-widget-container\">\n\t\t\t\t\t\t\t\t\t<p>4 settimane<\/p>\t\t\t\t\t\t\t\t<\/div>\n\t\t\t\t<\/div>\n\t\t\t\t\t<\/div>\n\t\t<\/div>\n\t\t\t\t<div class=\"elementor-column elementor-col-25 elementor-top-column elementor-element elementor-element-0cf1528\" data-id=\"0cf1528\" data-element_type=\"column\" data-e-type=\"column\">\n\t\t\t<div class=\"elementor-widget-wrap elementor-element-populated\">\n\t\t\t\t\t\t<div class=\"elementor-element elementor-element-8669b69 elementor-widget elementor-widget-text-editor\" data-id=\"8669b69\" data-element_type=\"widget\" data-e-type=\"widget\" data-widget_type=\"text-editor.default\">\n\t\t\t\t<div class=\"elementor-widget-container\">\n\t\t\t\t\t\t\t\t\t<p><strong>Giacca<\/strong><\/p>\t\t\t\t\t\t\t\t<\/div>\n\t\t\t\t<\/div>\n\t\t\t\t<div class=\"elementor-element elementor-element-b6910f7 elementor-widget elementor-widget-text-editor\" data-id=\"b6910f7\" data-element_type=\"widget\" data-e-type=\"widget\" data-widget_type=\"text-editor.default\">\n\t\t\t\t<div class=\"elementor-widget-container\">\n\t\t\t\t\t\t\t\t\t<p>5 settimane<\/p>\t\t\t\t\t\t\t\t<\/div>\n\t\t\t\t<\/div>\n\t\t\t\t\t<\/div>\n\t\t<\/div>\n\t\t\t\t<div class=\"elementor-column elementor-col-25 elementor-top-column elementor-element elementor-element-fc9c345\" data-id=\"fc9c345\" data-element_type=\"column\" data-e-type=\"column\">\n\t\t\t<div class=\"elementor-widget-wrap elementor-element-populated\">\n\t\t\t\t\t\t<div class=\"elementor-element elementor-element-1d00af5 elementor-widget elementor-widget-text-editor\" data-id=\"1d00af5\" data-element_type=\"widget\" data-e-type=\"widget\" data-widget_type=\"text-editor.default\">\n\t\t\t\t<div class=\"elementor-widget-container\">\n\t\t\t\t\t\t\t\t\t<p><strong>PANTALONI<\/strong><\/p>\t\t\t\t\t\t\t\t<\/div>\n\t\t\t\t<\/div>\n\t\t\t\t<div class=\"elementor-element elementor-element-b33468e elementor-widget elementor-widget-text-editor\" data-id=\"b33468e\" data-element_type=\"widget\" data-e-type=\"widget\" data-widget_type=\"text-editor.default\">\n\t\t\t\t<div class=\"elementor-widget-container\">\n\t\t\t\t\t\t\t\t\t<p>5 settimane<\/p>\t\t\t\t\t\t\t\t<\/div>\n\t\t\t\t<\/div>\n\t\t\t\t\t<\/div>\n\t\t<\/div>\n\t\t\t\t<div class=\"elementor-column elementor-col-25 elementor-top-column elementor-element elementor-element-c65d210\" data-id=\"c65d210\" data-element_type=\"column\" data-e-type=\"column\">\n\t\t\t<div class=\"elementor-widget-wrap elementor-element-populated\">\n\t\t\t\t\t\t<div class=\"elementor-element elementor-element-d0f3a93 elementor-widget elementor-widget-text-editor\" data-id=\"d0f3a93\" data-element_type=\"widget\" data-e-type=\"widget\" data-widget_type=\"text-editor.default\">\n\t\t\t\t<div class=\"elementor-widget-container\">\n\t\t\t\t\t\t\t\t\t<p><strong>SUIT<\/strong><\/p>\t\t\t\t\t\t\t\t<\/div>\n\t\t\t\t<\/div>\n\t\t\t\t<div class=\"elementor-element elementor-element-24d2dbe elementor-widget elementor-widget-text-editor\" data-id=\"24d2dbe\" data-element_type=\"widget\" data-e-type=\"widget\" data-widget_type=\"text-editor.default\">\n\t\t\t\t<div class=\"elementor-widget-container\">\n\t\t\t\t\t\t\t\t\t<p>6 settimane<\/p>\t\t\t\t\t\t\t\t<\/div>\n\t\t\t\t<\/div>\n\t\t\t\t\t<\/div>\n\t\t<\/div>\n\t\t\t\t\t<\/div>\n\t\t<\/section>\n\t\t\t\t<\/div>","protected":false},"excerpt":{"rendered":"<p>PRODUCTION TIME In crafting each exclusive garment, we understand that things done with care take time, passion, and patience. Nevertheless, we strive to ensure you receive your exclusive piece as quickly as possible. Every detail is meticulously attended to, and every step of the production process is carried out with the utmost dedication. We are [&hellip;]<\/p>\n","protected":false},"author":1,"featured_media":0,"parent":0,"menu_order":0,"comment_status":"closed","ping_status":"closed","template":"","meta":{"_monsterinsights_skip_tracking":false,"_monsterinsights_sitenote_active":false,"_monsterinsights_sitenote_note":"","_monsterinsights_sitenote_category":0,"footnotes":""},"class_list":["post-289","page","type-page","status-publish","hentry"],"yoast_head":"<!-- This site is optimized with the Yoast SEO plugin v27.4 - https:\/\/yoast.com\/product\/yoast-seo-wordpress\/ -->\n<title>CUSTOMER CARE \/ PRODUCTION TIME - MARIO MUSCARIELLO \u00ae | Official Website MARIO MUSCARIELLO \u00a9<\/title>\n<meta name=\"robots\" content=\"index, follow, max-snippet:-1, max-image-preview:large, max-video-preview:-1\" \/>\n<link rel=\"canonical\" href=\"https:\/\/mariomuscariello.com\/it\/customercare-productiontimes\/\" \/>\n<meta property=\"og:locale\" content=\"it_IT\" \/>\n<meta property=\"og:type\" content=\"article\" \/>\n<meta property=\"og:title\" content=\"CUSTOMER CARE \/ PRODUCTION TIME - MARIO MUSCARIELLO \u00ae | Official Website MARIO MUSCARIELLO \u00a9\" \/>\n<meta property=\"og:description\" content=\"PRODUCTION TIME In crafting each exclusive garment, we understand that things done with care take time, passion, and patience. Nevertheless, we strive to ensure you receive your exclusive piece as quickly as possible. Every detail is meticulously attended to, and every step of the production process is carried out with the utmost dedication. We are [&hellip;]\" \/>\n<meta property=\"og:url\" content=\"https:\/\/mariomuscariello.com\/it\/customercare-productiontimes\/\" \/>\n<meta property=\"og:site_name\" content=\"MARIO MUSCARIELLO \u00ae | Official Website MARIO MUSCARIELLO \u00a9\" \/>\n<meta property=\"article:modified_time\" content=\"2024-02-04T10:17:13+00:00\" \/>\n<meta name=\"twitter:card\" content=\"summary_large_image\" \/>\n<meta name=\"twitter:label1\" content=\"Tempo di lettura stimato\" \/>\n\t<meta name=\"twitter:data1\" content=\"1 minuto\" \/>\n<script type=\"application\/ld+json\" class=\"yoast-schema-graph\">{\"@context\":\"https:\\\/\\\/schema.org\",\"@graph\":[{\"@type\":\"WebPage\",\"@id\":\"https:\\\/\\\/mariomuscariello.com\\\/customercare-productiontimes\\\/\",\"url\":\"https:\\\/\\\/mariomuscariello.com\\\/customercare-productiontimes\\\/\",\"name\":\"CUSTOMER CARE \\\/ PRODUCTION TIME - MARIO MUSCARIELLO \u00ae | Official Website MARIO MUSCARIELLO \u00a9\",\"isPartOf\":{\"@id\":\"https:\\\/\\\/mariomuscariello.com\\\/#website\"},\"datePublished\":\"2022-02-26T08:43:04+00:00\",\"dateModified\":\"2024-02-04T10:17:13+00:00\",\"breadcrumb\":{\"@id\":\"https:\\\/\\\/mariomuscariello.com\\\/customercare-productiontimes\\\/#breadcrumb\"},\"inLanguage\":\"it-IT\",\"potentialAction\":[{\"@type\":\"ReadAction\",\"target\":[\"https:\\\/\\\/mariomuscariello.com\\\/customercare-productiontimes\\\/\"]}]},{\"@type\":\"BreadcrumbList\",\"@id\":\"https:\\\/\\\/mariomuscariello.com\\\/customercare-productiontimes\\\/#breadcrumb\",\"itemListElement\":[{\"@type\":\"ListItem\",\"position\":1,\"name\":\"Home\",\"item\":\"https:\\\/\\\/mariomuscariello.com\\\/\"},{\"@type\":\"ListItem\",\"position\":2,\"name\":\"CUSTOMER CARE \\\/ PRODUCTION TIME\"}]},{\"@type\":\"WebSite\",\"@id\":\"https:\\\/\\\/mariomuscariello.com\\\/#website\",\"url\":\"https:\\\/\\\/mariomuscariello.com\\\/\",\"name\":\"MARIO MUSCARIELLO \u00ae | Official Website MARIO MUSCARIELLO \u00a9\",\"description\":\"Neapolitan shirts. Handcrafted since 1890\",\"potentialAction\":[{\"@type\":\"SearchAction\",\"target\":{\"@type\":\"EntryPoint\",\"urlTemplate\":\"https:\\\/\\\/mariomuscariello.com\\\/?s={search_term_string}\"},\"query-input\":{\"@type\":\"PropertyValueSpecification\",\"valueRequired\":true,\"valueName\":\"search_term_string\"}}],\"inLanguage\":\"it-IT\"}]}<\/script>\n<!-- \/ Yoast SEO plugin. -->","yoast_head_json":{"title":"CUSTOMER CARE \/ PRODUCTION TIME - MARIO MUSCARIELLO \u00ae | Official Website MARIO MUSCARIELLO \u00a9","robots":{"index":"index","follow":"follow","max-snippet":"max-snippet:-1","max-image-preview":"max-image-preview:large","max-video-preview":"max-video-preview:-1"},"canonical":"https:\/\/mariomuscariello.com\/it\/customercare-productiontimes\/","og_locale":"it_IT","og_type":"article","og_title":"CUSTOMER CARE \/ PRODUCTION TIME - MARIO MUSCARIELLO \u00ae | Official Website MARIO MUSCARIELLO \u00a9","og_description":"PRODUCTION TIME In crafting each exclusive garment, we understand that things done with care take time, passion, and patience. Nevertheless, we strive to ensure you receive your exclusive piece as quickly as possible. Every detail is meticulously attended to, and every step of the production process is carried out with the utmost dedication. We are [&hellip;]","og_url":"https:\/\/mariomuscariello.com\/it\/customercare-productiontimes\/","og_site_name":"MARIO MUSCARIELLO \u00ae | Official Website MARIO MUSCARIELLO \u00a9","article_modified_time":"2024-02-04T10:17:13+00:00","twitter_card":"summary_large_image","twitter_misc":{"Tempo di lettura stimato":"1 minuto"},"schema":{"@context":"https:\/\/schema.org","@graph":[{"@type":"WebPage","@id":"https:\/\/mariomuscariello.com\/customercare-productiontimes\/","url":"https:\/\/mariomuscariello.com\/customercare-productiontimes\/","name":"CUSTOMER CARE \/ PRODUCTION TIME - MARIO MUSCARIELLO \u00ae | Official Website MARIO MUSCARIELLO \u00a9","isPartOf":{"@id":"https:\/\/mariomuscariello.com\/#website"},"datePublished":"2022-02-26T08:43:04+00:00","dateModified":"2024-02-04T10:17:13+00:00","breadcrumb":{"@id":"https:\/\/mariomuscariello.com\/customercare-productiontimes\/#breadcrumb"},"inLanguage":"it-IT","potentialAction":[{"@type":"ReadAction","target":["https:\/\/mariomuscariello.com\/customercare-productiontimes\/"]}]},{"@type":"BreadcrumbList","@id":"https:\/\/mariomuscariello.com\/customercare-productiontimes\/#breadcrumb","itemListElement":[{"@type":"ListItem","position":1,"name":"Home","item":"https:\/\/mariomuscariello.com\/"},{"@type":"ListItem","position":2,"name":"CUSTOMER CARE \/ PRODUCTION TIME"}]},{"@type":"WebSite","@id":"https:\/\/mariomuscariello.com\/#website","url":"https:\/\/mariomuscariello.com\/","name":"MARIO MUSCARIELLO \u00ae | Official Website MARIO MUSCARIELLO \u00a9","description":"Neapolitan shirts. Handcrafted since 1890","potentialAction":[{"@type":"SearchAction","target":{"@type":"EntryPoint","urlTemplate":"https:\/\/mariomuscariello.com\/?s={search_term_string}"},"query-input":{"@type":"PropertyValueSpecification","valueRequired":true,"valueName":"search_term_string"}}],"inLanguage":"it-IT"}]}},"_links":{"self":[{"href":"https:\/\/mariomuscariello.com\/it\/wp-json\/wp\/v2\/pages\/289","targetHints":{"allow":["GET"]}}],"collection":[{"href":"https:\/\/mariomuscariello.com\/it\/wp-json\/wp\/v2\/pages"}],"about":[{"href":"https:\/\/mariomuscariello.com\/it\/wp-json\/wp\/v2\/types\/page"}],"author":[{"embeddable":true,"href":"https:\/\/mariomuscariello.com\/it\/wp-json\/wp\/v2\/users\/1"}],"replies":[{"embeddable":true,"href":"https:\/\/mariomuscariello.com\/it\/wp-json\/wp\/v2\/comments?post=289"}],"version-history":[{"count":8,"href":"https:\/\/mariomuscariello.com\/it\/wp-json\/wp\/v2\/pages\/289\/revisions"}],"predecessor-version":[{"id":1887,"href":"https:\/\/mariomuscariello.com\/it\/wp-json\/wp\/v2\/pages\/289\/revisions\/1887"}],"wp:attachment":[{"href":"https:\/\/mariomuscariello.com\/it\/wp-json\/wp\/v2\/media?parent=289"}],"curies":[{"name":"wp","href":"https:\/\/api.w.org\/{rel}","templated":true}]}}